{"id":56,"date":"2024-12-06T16:57:46","date_gmt":"2024-12-06T19:57:46","guid":{"rendered":"https:\/\/dev-ultrazombies.pantheonsite.io\/?page_id=56"},"modified":"2025-08-07T14:44:00","modified_gmt":"2025-08-07T17:44:00","slug":"politicas","status":"publish","type":"page","link":"https:\/\/ultrazombies.ar\/tienda\/politicas\/","title":{"rendered":"Politica de reembolsos y devoluciones"},"content":{"rendered":"\t\t<div data-elementor-type=\"wp-page\" data-elementor-id=\"56\" class=\"elementor elementor-56\">\n\t\t\t\t<div class=\"elementor-element elementor-element-22702d7 e-flex e-con-boxed e-con e-parent\" data-id=\"22702d7\" data-element_type=\"container\" data-e-type=\"container\">\n\t\t\t\t\t<div class=\"e-con-inner\">\n\t\t\t\t<div class=\"elementor-element elementor-element-eec36b7 elementor-widget elementor-widget-text-editor\" data-id=\"eec36b7\" data-element_type=\"widget\" data-e-type=\"widget\" data-widget_type=\"text-editor.default\">\n\t\t\t\t<div class=\"elementor-widget-container\">\n\t\t\t\t\t\t\t\t\t<p>Este documento establece los t\u00e9rminos y condicione que rigen el uso de este sitio web y la compra de productos\u00a0 ofrecidos por\u00a0 ULTRAZOMBIES\u00ae.<\/p><p>Al acceder o utilizar este sitio web, aceptas cumplir con estos t\u00e9rminos y condiciones, as\u00ed como la legislaci\u00f3n aplicable vigente.<\/p><ol><li><strong><u> Pol\u00edtica de Datos Personales e informaci\u00f3n recolectada:<\/u><\/strong><\/li><\/ol><p>ULTRAZOMBIES\u00ae recolecta informaci\u00f3n personal para que los Usuarios puedan disfrutar de nuestros servicios. Los datos personales proporcionados se conservar\u00e1n durante el tiempo necesario para cumplir con la finalidad para la que se recaban y para determinar las posibles responsabilidades que se pudieran derivar de la finalidad.<\/p><p>\u00a0<\/p><ol start=\"2\"><li><strong><u> Protecci\u00f3n de la Informaci\u00f3n<\/u><\/strong><\/li><\/ol><p>ULTRAZOMBIES\u00ae se compromete a proteger la privacidad de los datos personales proporcionados por los usuarios. La informaci\u00f3n ser\u00e1 tratada de acuerdo con la Ley 25.326 de Protecci\u00f3n de Datos Personales. Utilizamos tecnolog\u00eda de capa segura (SSL) para garantizar que todos los datos proporcionados sean encriptados y protegidos, evitando el acceso no autorizado.<\/p><p>\u00a0<\/p><ol start=\"3\"><li><strong><u> Derechos de los Usuarios<\/u><\/strong><\/li><\/ol><p>Los usuarios pueden ejercer sus derechos de acceso, rectificaci\u00f3n, actualizaci\u00f3n o eliminaci\u00f3n de sus datos personales en cualquier momento, conforme a la legislaci\u00f3n vigente. Tambi\u00e9n pueden solicitar la cancelaci\u00f3n de su cuenta y la eliminaci\u00f3n de sus datos de nuestra base de datos.<\/p><p>\u00a0<\/p><p><strong>\u00a04. <u>Responsabilidad Registro y Cuentas de Usuario<\/u><\/strong><\/p><p>El usuario es responsable de mantener la confidencialidad de su cuenta y contrase\u00f1a. Cualquier actividad realizada bajo la cuenta del usuario ser\u00e1 de su exclusiva responsabilidad.<\/p><ol start=\"5\"><li><strong><u> Productos y servicios:<\/u><\/strong><\/li><\/ol><p>Empleamos productos de primera calidad, tanto nacionales como importados.<\/p><p>Las im\u00e1genes y colores de las fotos de este cat\u00e1logo pueden diferir de los tonos reales impresos, ya que son formatos distintos. Los dise\u00f1os impresos pueden tener una leve diferencia con las mismas.\u00a0<\/p><p>Todos los productos y servicios est\u00e1n sujetos a disponibilidad. Nos reservamos el derecho de modificar o discontinuar productos y servicios sin previo aviso.<\/p><p>\u00a0<\/p><ol start=\"6\"><li><strong><u> Pedidos y pagos:<\/u><\/strong><\/li><\/ol><p>Los precios de los productos est\u00e1n indicados en el sitio web y pueden estar sujetos a cambios sin previo aviso. Los pagos se realizan<strong>\u00a0<\/strong>mediante los m\u00e9todos habilitados en el sitio (Transferencia, dep\u00f3sito bancario, Tarjeta de cr\u00e9dito, Tarjeta de d\u00e9bito y MERCADOPAGO). Los valores est\u00e1n\u00a0expresados en pesos argentinos (ARS), y el<br \/>pago debe realizarse al 100% al momento de la compra. Los precios NO incluyen gastos de env\u00edo que\u00a0abonar\u00e1 adicionalmente a su pedido cada<br \/>cliente seg\u00fan su localidad.<\/p><p>\u00a0<\/p><ol start=\"7\"><li><strong><u> Env\u00edos y Entregas:<\/u><\/strong><\/li><\/ol><p>Plazos de entrega:<br \/>Nos esforzamos por procesar y enviar los pedidos en el menor tiempo posible.<br \/>Los plazos de entrega var\u00edan dependiendo de la \u00e9poca del a\u00f1o y la demanda.<br \/>Siempre consultar.<br \/>Env\u00edos y Despachos: Todos los env\u00edos se realizan por empresas de terceros, y el costo y el riesgo del env\u00edo corren a cargo del comprador. Una vez entregado el producto a la empresa de mensajer\u00eda,\u00a0\u00a0ULTRAZOMBIES\u00ae\u00a0 no se responsabiliza por los da\u00f1os durante el transporte, ni por las demoras que estas empresas puedan tener en la entrega.<br \/>Gastos de env\u00edo: Los gastos de env\u00edo NO est\u00e1n inclu\u00eddos en el pago del pedido. Estos gastos ser\u00e1n abonados por el cliente en<br \/>el momento de la recepci\u00f3n y\/o despacho del pedido con pago en destino, bajo responsabilidad del usuario y facturados por cada correo.<\/p><p>\u00a0<\/p><ol start=\"8\"><li><strong><u> Propiedad intelectual y derechos de autor:<\/u><\/strong><\/li><\/ol><p>Todo el contenido disponible en el sitio web, incluyendo c\u00f3digo de programaci\u00f3n y\/o plugins exclusivamente desarrollados por ULTRAZOMBIES\u00ae, textos, im\u00e1genes, gr\u00e1ficos, logotipos, dise\u00f1os, y dem\u00e1s elementos, son propiedad exclusiva de\u00a0\u00a0ULTRAZOMBIES\u00ae\u00a0 o sus licenciantes y est\u00e1 protegido por las leyes de propiedad intelectual. Queda terminantemente prohibido el uso no autorizado de estos contenidos sin el consentimiento expreso de la ULTRAZOMBIES\u00ae.\u00a0<\/p><p>Est\u00e1 prohibida la copia,\u00a0 reproducci\u00f3n, distribuci\u00f3n, modificaci\u00f3n, exhibici\u00f3n p\u00fablica presencial y\/o virtual, creaci\u00f3n de proyectos derivados de dicho sitio sin la autorizaci\u00f3n expresa de\u00a0\u00a0ULTRAZOMBIES\u00ae.<\/p><p>\u00a0<\/p><ol start=\"9\"><li><strong><u> Modificaciones a los T\u00e9rminos:<\/u><\/strong><\/li><\/ol><p>ULTRAZOMBIES\u00ae se reserva el derecho de actualizar o modificar estas Pol\u00edticas y T\u00e9rminos y Condiciones en cualquier momento. Las modificaciones se publicar\u00e1n en esta<br \/>p\u00e1gina y ser\u00e1n efectivas inmediatamente. Te recomendamos que revises esta p\u00e1gina regularmente para estar al tanto de cualquier cambio.<\/p><p>\u00a0<\/p>\t\t\t\t\t\t\t\t<\/div>\n\t\t\t\t<\/div>\n\t\t\t\t\t<\/div>\n\t\t\t\t<\/div>\n\t\t\t\t<\/div>\n\t\t","protected":false},"excerpt":{"rendered":"<p>Este documento establece los t\u00e9rminos y condicione que rigen el uso de este sitio web y la compra de productos\u00a0 ofrecidos por\u00a0 ULTRAZOMBIES\u00ae. Al acceder o utilizar este sitio web, aceptas cumplir con estos t\u00e9rminos y condiciones, as\u00ed como la legislaci\u00f3n aplicable vigente. Pol\u00edtica de Datos Personales e informaci\u00f3n recolectada: ULTRAZOMBIES\u00ae recolecta informaci\u00f3n personal para [&hellip;]<\/p>\n","protected":false},"author":1,"featured_media":0,"parent":0,"menu_order":0,"comment_status":"closed","ping_status":"closed","template":"elementor_canvas","meta":{"footnotes":""},"class_list":["post-56","page","type-page","status-publish","hentry","entry","owp-thumbs-layout-horizontal","owp-btn-normal","owp-tabs-layout-horizontal","has-no-thumbnails"],"jetpack_sharing_enabled":true,"_links":{"self":[{"href":"https:\/\/ultrazombies.ar\/tienda\/wp-json\/wp\/v2\/pages\/56","targetHints":{"allow":["GET"]}}],"collection":[{"href":"https:\/\/ultrazombies.ar\/tienda\/wp-json\/wp\/v2\/pages"}],"about":[{"href":"https:\/\/ultrazombies.ar\/tienda\/wp-json\/wp\/v2\/types\/page"}],"author":[{"embeddable":true,"href":"https:\/\/ultrazombies.ar\/tienda\/wp-json\/wp\/v2\/users\/1"}],"replies":[{"embeddable":true,"href":"https:\/\/ultrazombies.ar\/tienda\/wp-json\/wp\/v2\/comments?post=56"}],"version-history":[{"count":14,"href":"https:\/\/ultrazombies.ar\/tienda\/wp-json\/wp\/v2\/pages\/56\/revisions"}],"predecessor-version":[{"id":856,"href":"https:\/\/ultrazombies.ar\/tienda\/wp-json\/wp\/v2\/pages\/56\/revisions\/856"}],"wp:attachment":[{"href":"https:\/\/ultrazombies.ar\/tienda\/wp-json\/wp\/v2\/media?parent=56"}],"curies":[{"name":"wp","href":"https:\/\/api.w.org\/{rel}","templated":true}]}}