{"id":818,"date":"2025-08-05T20:19:46","date_gmt":"2025-08-05T23:19:46","guid":{"rendered":"https:\/\/ultrazombies.ar\/tienda\/?page_id=818"},"modified":"2025-08-07T14:48:05","modified_gmt":"2025-08-07T17:48:05","slug":"terminos-y-condiciones","status":"publish","type":"page","link":"https:\/\/ultrazombies.ar\/tienda\/terminos-y-condiciones\/","title":{"rendered":"Terminos y condiciones"},"content":{"rendered":"\t\t<div data-elementor-type=\"wp-page\" data-elementor-id=\"818\" class=\"elementor elementor-818\">\n\t\t\t\t<div class=\"elementor-element elementor-element-84c1bbb e-flex e-con-boxed e-con e-parent\" data-id=\"84c1bbb\" data-element_type=\"container\" data-e-type=\"container\">\n\t\t\t\t\t<div class=\"e-con-inner\">\n\t\t\t\t<div class=\"elementor-element elementor-element-fc51436 elementor-widget elementor-widget-text-editor\" data-id=\"fc51436\" data-element_type=\"widget\" data-e-type=\"widget\" data-widget_type=\"text-editor.default\">\n\t\t\t\t<div class=\"elementor-widget-container\">\n\t\t\t\t\t\t\t\t\t<p><strong>Por favor, lee los t\u00e9rminos y condiciones para poder realizar un cambio, devoluci\u00f3n o arrepentimiento.<\/strong><\/p><p>Luego cont\u00e1ctanos por <strong>Whats App<\/strong>\u00a0y te decimos los paso a seguir.<\/p><p><strong>Tiempo l\u00edmite:<\/strong><\/p><p>Ten\u00e9s 10 d\u00edas corridos despu\u00e9s de recibida la compra para hacer el reclamo de tu pedido y poder gestionarlo.<\/p><p><strong>CAMBIOS Y DEVOLUCIONES:<\/strong><\/p><p>Si sos de CABA o alrededores, pod\u00e9s realizar el cambio, acerc\u00e1ndote al estudio, previa coordinaci\u00f3n por <strong>Whats App<\/strong>, de lunes a jueves de 10 a 18 h. S\u00f3lo se puede cambiar por otro producto. Si sos del interior o est\u00e1s lejos, pod\u00e9s enviar el producto por correo al estudio, pedinos la direcci\u00f3n por Whatsapp para coordinarlo. ATENCI\u00d3N: Cuando hagas el env\u00edo te pedimos que coloques tu nombre y n\u00famero de orden dentro del paquete. Una vez que nos llega, eleg\u00eds el producto por el que quer\u00e9s realizar el cambio y coordinamos nuevamente el env\u00edo\/retiro y el pago\/devoluci\u00f3n en caso de que haya alguna diferencia.<\/p><p><strong>ARREPENTIMIENTO:<\/strong><\/p><p><strong>\u00a0<\/strong>El cliente puede arrepentirse de la compra hasta 10 d\u00edas corridos de recibido el pedido. Los gastos de la devoluci\u00f3n corren por cuenta de la marca Como lo so\u00f1\u00e9, conforme a la ley 24.240.<\/p><p>El cliente deber\u00e1 dar aviso por escrito por cualquiera de los canales de comunicaci\u00f3n habilitados.<\/p><p>Si est\u00e1s en CABA enviaremos una moto a retirar el pedido y haremos la devoluci\u00f3n del dinero abonado por el mismo medio utilizado por el cliente al momento de la compra.<\/p><p>Si est\u00e1s en AMBA o en el INTERIOR, te enviaremos una etiqueta de envio, la cual deber\u00e1s imprimir y pegar en el paquete que te lleg\u00f3, y despacharlo en el correo correspondiente, conteniendo el producto en las mismas condiciones en que lo recibiste. No puede ser solo una parte del producto, debe estar completo. Una vez que recibimos el paquete y corroboremos que el producto est\u00e1 en condiciones procederemos a la devoluci\u00f3n del dinero por los mismos medios que se utilizaron al realizar la compra.<\/p><p>\u00a0<\/p><p>ULTRAZOMBIES\u00ae\u00a0se reserva el derecho de actualizar o modificar T\u00e9rminos y Condiciones en cualquier momento. Las modificaciones se publicar\u00e1n en esta p\u00e1gina y ser\u00e1n efectivas inmediatamente. Te recomendamos que revises esta p\u00e1gina regularmente para estar al tanto de cualquier cambio.<\/p><p>\u00a0<\/p>\t\t\t\t\t\t\t\t<\/div>\n\t\t\t\t<\/div>\n\t\t\t\t\t<\/div>\n\t\t\t\t<\/div>\n\t\t\t\t<\/div>\n\t\t","protected":false},"excerpt":{"rendered":"<p>Por favor, lee los t\u00e9rminos y condiciones para poder realizar un cambio, devoluci\u00f3n o arrepentimiento. Luego cont\u00e1ctanos por Whats App\u00a0y te decimos los paso a seguir. Tiempo l\u00edmite: Ten\u00e9s 10 d\u00edas corridos despu\u00e9s de recibida la compra para hacer el reclamo de tu pedido y poder gestionarlo. CAMBIOS Y DEVOLUCIONES: Si sos de CABA o [&hellip;]<\/p>\n","protected":false},"author":1,"featured_media":0,"parent":0,"menu_order":0,"comment_status":"closed","ping_status":"closed","template":"elementor_canvas","meta":{"footnotes":""},"class_list":["post-818","page","type-page","status-publish","hentry","entry","owp-thumbs-layout-horizontal","owp-btn-normal","owp-tabs-layout-horizontal","has-no-thumbnails"],"jetpack_sharing_enabled":true,"_links":{"self":[{"href":"https:\/\/ultrazombies.ar\/tienda\/wp-json\/wp\/v2\/pages\/818","targetHints":{"allow":["GET"]}}],"collection":[{"href":"https:\/\/ultrazombies.ar\/tienda\/wp-json\/wp\/v2\/pages"}],"about":[{"href":"https:\/\/ultrazombies.ar\/tienda\/wp-json\/wp\/v2\/types\/page"}],"author":[{"embeddable":true,"href":"https:\/\/ultrazombies.ar\/tienda\/wp-json\/wp\/v2\/users\/1"}],"replies":[{"embeddable":true,"href":"https:\/\/ultrazombies.ar\/tienda\/wp-json\/wp\/v2\/comments?post=818"}],"version-history":[{"count":7,"href":"https:\/\/ultrazombies.ar\/tienda\/wp-json\/wp\/v2\/pages\/818\/revisions"}],"predecessor-version":[{"id":860,"href":"https:\/\/ultrazombies.ar\/tienda\/wp-json\/wp\/v2\/pages\/818\/revisions\/860"}],"wp:attachment":[{"href":"https:\/\/ultrazombies.ar\/tienda\/wp-json\/wp\/v2\/media?parent=818"}],"curies":[{"name":"wp","href":"https:\/\/api.w.org\/{rel}","templated":true}]}}