{"id":108,"date":"2024-12-08T20:39:25","date_gmt":"2024-12-08T23:39:25","guid":{"rendered":"https:\/\/dev-ultrazombies.pantheonsite.io\/?post_type=product&#038;p=108"},"modified":"2025-11-07T14:48:45","modified_gmt":"2025-11-07T17:48:45","slug":"humor-descerebrado","status":"publish","type":"product","link":"https:\/\/ultrazombies.ar\/tienda\/product\/humor-descerebrado\/","title":{"rendered":"Humor descerebrado 1"},"content":{"rendered":"<h3><strong>\u00a1El primer libro de tiras c\u00f3micas de Ultra Zombies!<\/strong><\/h3>\n<p>\u00a1Diversi\u00f3n monstruosa asegurada! <em>Humor Descerebrado 1<\/em> es el primer libro de tiras c\u00f3micas de <em>Ultra Zombies<\/em>, una colecci\u00f3n llena de humor absurdo, aventuras y situaciones disparatadas.<\/p>\n<p>Con 96 p\u00e1ginas repletas de chistes, enredos y personajes inolvidables, este libro es perfecto para ni\u00f1os que disfrutan de historias graciosas y mundos fant\u00e1sticos. Acompa\u00f1a a Zombiff y su pandilla en sus intentos (no siempre exitosos) por sobrevivir en un mundo invadido por ultra zombies\u2026 \u00a1y sin perder la risa en el intento!<\/p>\n<p>Si te gustan los monstruos, el humor irreverente y las ocurrencias descerebradas, este libro es para vos.<br \/>\n\u00a1Y hay m\u00e1s! <em>Humor Descerebrado<\/em> ya cuenta con tres t\u00edtulos publicados, as\u00ed que la diversi\u00f3n sigue sin descanso.<\/p>\n<p><strong>\u00a1No te quedes sin tu copia y \u00fanete a la locura de Ultra zombies!<\/strong><\/p>\n","protected":false},"excerpt":{"rendered":"<p><em>Humor Descerebrado 1. E<\/em>l primer libro de tiras c\u00f3micas de <em>Ultra zombies<\/em>.<\/p>\n<p>96 p\u00e1ginas repletas de color y humor para chicos<\/p>\n","protected":false},"featured_media":352,"comment_status":"open","ping_status":"closed","template":"","meta":[],"product_brand":[],"product_cat":[20],"product_tag":[],"class_list":{"0":"post-108","1":"product","2":"type-product","3":"status-publish","4":"has-post-thumbnail","6":"product_cat-libros","8":"entry","9":"has-media","11":"first","12":"instock","13":"shipping-taxable","14":"purchasable","15":"product-type-simple","16":"col","17":"span_1_of_4","18":"owp-content-center","19":"owp-thumbs-layout-horizontal","20":"owp-btn-normal","21":"owp-tabs-layout-horizontal"},"jetpack_sharing_enabled":true,"_links":{"self":[{"href":"https:\/\/ultrazombies.ar\/tienda\/wp-json\/wp\/v2\/product\/108","targetHints":{"allow":["GET"]}}],"collection":[{"href":"https:\/\/ultrazombies.ar\/tienda\/wp-json\/wp\/v2\/product"}],"about":[{"href":"https:\/\/ultrazombies.ar\/tienda\/wp-json\/wp\/v2\/types\/product"}],"replies":[{"embeddable":true,"href":"https:\/\/ultrazombies.ar\/tienda\/wp-json\/wp\/v2\/comments?post=108"}],"wp:featuredmedia":[{"embeddable":true,"href":"https:\/\/ultrazombies.ar\/tienda\/wp-json\/wp\/v2\/media\/352"}],"wp:attachment":[{"href":"https:\/\/ultrazombies.ar\/tienda\/wp-json\/wp\/v2\/media?parent=108"}],"wp:term":[{"taxonomy":"product_brand","embeddable":true,"href":"https:\/\/ultrazombies.ar\/tienda\/wp-json\/wp\/v2\/product_brand?post=108"},{"taxonomy":"product_cat","embeddable":true,"href":"https:\/\/ultrazombies.ar\/tienda\/wp-json\/wp\/v2\/product_cat?post=108"},{"taxonomy":"product_tag","embeddable":true,"href":"https:\/\/ultrazombies.ar\/tienda\/wp-json\/wp\/v2\/product_tag?post=108"}],"curies":[{"name":"wp","href":"https:\/\/api.w.org\/{rel}","templated":true}]}}