{"id":1238,"date":"2025-10-21T12:57:16","date_gmt":"2025-10-21T15:57:16","guid":{"rendered":"https:\/\/ultrazombies.ar\/tienda\/?post_type=product&#038;p=1238"},"modified":"2026-04-18T17:42:38","modified_gmt":"2026-04-18T20:42:38","slug":"rompecerebros-i-24-piezas-todos-los-zombies","status":"publish","type":"product","link":"https:\/\/ultrazombies.ar\/tienda\/product\/rompecerebros-i-24-piezas-todos-los-zombies\/","title":{"rendered":"Rompecerebros I 24 &#8211; \u00abTodos los zombies\u00bb"},"content":{"rendered":"<p data-start=\"106\" data-end=\"421\"><strong data-start=\"106\" data-end=\"190\">\u00a1Desaf\u00eda tu cerebro con el Rompecerebros de Ultra Zombies: \u00a1TODOS LOS ULTRA ZOMBIES!<\/strong><br data-start=\"190\" data-end=\"193\" \/>Un rompecabezas de 24 piezas de madera mfd donde se re\u00fanen <strong data-start=\"238\" data-end=\"265\">todos los ultra zombies<\/strong> en una ilustraci\u00f3n tan ca\u00f3tica como monstruosamente divertida. \u00a1Un desaf\u00edo para los fan\u00e1ticos que se atreven a enfrentarse al caos del apocalipsis zombi!<\/p>\n<p data-start=\"423\" data-end=\"748\">Viene presentado en un tubo impreso con tapa, ideal para guardar todas las piezas sin perder ni una (ni dejar que te la roben los ultra zombies hambrientos). Su dise\u00f1o explosivo y lleno de color lo convierte en una opci\u00f3n perfecta para ni\u00f1os y ni\u00f1as que disfrutan de los desaf\u00edos, la diversi\u00f3n\u2026 y los cerebros bien puestos.<\/p>\n<p data-start=\"750\" data-end=\"772\"><strong data-start=\"750\" data-end=\"770\">\ud83e\udddf\u200d\u2642\ufe0f\ud83e\udde9Caracter\u00edsticas:<\/strong><\/p>\n<ul data-start=\"773\" data-end=\"989\">\n<li data-start=\"773\" data-end=\"807\">\n<p data-start=\"775\" data-end=\"807\">24 piezas de madera mdf<\/p>\n<\/li>\n<li data-start=\"808\" data-end=\"877\">\n<p data-start=\"810\" data-end=\"877\">Ilustraci\u00f3n exclusiva de <em data-start=\"835\" data-end=\"850\">Ultra zombies<\/em> con todos los personajes<\/p>\n<\/li>\n<li data-start=\"878\" data-end=\"931\">\n<p data-start=\"880\" data-end=\"931\">Presentaci\u00f3n en tubo con tapa para f\u00e1cil guardado<\/p>\n<\/li>\n<li data-start=\"932\" data-end=\"989\">\n<p data-start=\"934\" data-end=\"989\">Tama\u00f1o ideal para manos peque\u00f1as y grandes estrategas<\/p>\n<\/li>\n<\/ul>\n<p data-start=\"991\" data-end=\"1016\"><strong data-start=\"991\" data-end=\"1003\">Medidas:<\/strong> 24 x 16 cm<\/p>\n<p data-start=\"1018\" data-end=\"1108\">\u00bfTe animas a armarlo\u2026 antes de que los ultra zombies te desarmen a vos? \ud83e\udddf\u200d\u2642\ufe0f\ud83e\udde9<\/p>\n<hr data-start=\"1110\" data-end=\"1113\" \/>\n","protected":false},"excerpt":{"rendered":"<p data-start=\"95\" data-end=\"311\">Rompecabezas de <strong data-start=\"184\" data-end=\"197\">24 piezas<\/strong> <br data-start=\"580\" data-end=\"583\" \/>\u2714 <strong data-start=\"624\" data-end=\"666\">Ilustraci\u00f3n exclusiva de Ultra Zombies, Todos los ultra zombies<\/strong><br data-start=\"666\" data-end=\"669\" \/>\u2714 <strong data-start=\"671\" data-end=\"724\">Presentaci\u00f3n en tubo con tapa para f\u00e1cil guardado<\/strong><br data-start=\"724\" data-end=\"727\" \/>\u2714 <strong data-start=\"729\" data-end=\"786\">Tama\u00f1o ideal para manos peque\u00f1as y grandes estrategas<\/strong><\/p>\n<p data-start=\"95\" data-end=\"311\">\u2714 <strong data-start=\"729\" data-end=\"786\">Medidas: 24 x 16 cm.<\/strong><\/p>\n<p data-start=\"790\" data-end=\"880\">\n","protected":false},"featured_media":272,"comment_status":"open","ping_status":"closed","template":"","meta":[],"product_brand":[],"product_cat":[30],"product_tag":[],"class_list":{"0":"post-1238","1":"product","2":"type-product","3":"status-publish","4":"has-post-thumbnail","6":"product_cat-juegos-y-actividades","8":"entry","9":"has-media","11":"first","12":"instock","13":"shipping-taxable","14":"purchasable","15":"product-type-simple","16":"col","17":"span_1_of_4","18":"owp-content-center","19":"owp-thumbs-layout-horizontal","20":"owp-btn-normal","21":"owp-tabs-layout-horizontal"},"jetpack_sharing_enabled":true,"_links":{"self":[{"href":"https:\/\/ultrazombies.ar\/tienda\/wp-json\/wp\/v2\/product\/1238","targetHints":{"allow":["GET"]}}],"collection":[{"href":"https:\/\/ultrazombies.ar\/tienda\/wp-json\/wp\/v2\/product"}],"about":[{"href":"https:\/\/ultrazombies.ar\/tienda\/wp-json\/wp\/v2\/types\/product"}],"replies":[{"embeddable":true,"href":"https:\/\/ultrazombies.ar\/tienda\/wp-json\/wp\/v2\/comments?post=1238"}],"wp:featuredmedia":[{"embeddable":true,"href":"https:\/\/ultrazombies.ar\/tienda\/wp-json\/wp\/v2\/media\/272"}],"wp:attachment":[{"href":"https:\/\/ultrazombies.ar\/tienda\/wp-json\/wp\/v2\/media?parent=1238"}],"wp:term":[{"taxonomy":"product_brand","embeddable":true,"href":"https:\/\/ultrazombies.ar\/tienda\/wp-json\/wp\/v2\/product_brand?post=1238"},{"taxonomy":"product_cat","embeddable":true,"href":"https:\/\/ultrazombies.ar\/tienda\/wp-json\/wp\/v2\/product_cat?post=1238"},{"taxonomy":"product_tag","embeddable":true,"href":"https:\/\/ultrazombies.ar\/tienda\/wp-json\/wp\/v2\/product_tag?post=1238"}],"curies":[{"name":"wp","href":"https:\/\/api.w.org\/{rel}","templated":true}]}}