{"id":1300,"date":"2026-01-02T16:39:29","date_gmt":"2026-01-02T19:39:29","guid":{"rendered":"https:\/\/ultrazombies.ar\/tienda\/?post_type=product&#038;p=1300"},"modified":"2026-01-02T17:33:05","modified_gmt":"2026-01-02T20:33:05","slug":"paper-toys-book-actividades-de-terror","status":"publish","type":"product","link":"https:\/\/ultrazombies.ar\/tienda\/product\/paper-toys-book-actividades-de-terror\/","title":{"rendered":"Paper toys book (actividades de terror!)"},"content":{"rendered":"<p data-start=\"267\" data-end=\"387\">\ud83e\udddf\u200d\u2642\ufe0f <strong data-start=\"273\" data-end=\"302\">\u00a1Zombies de papel en acci\u00f3n!<\/strong><br data-start=\"302\" data-end=\"305\" \/>\u2702\ufe0f\ud83d\udcc4 Recort\u00e1, arm\u00e1 y jug\u00e1 con la pandilla zombie m\u00e1s descontrolada del apocalipsis<\/p>\n<p data-start=\"389\" data-end=\"616\">\ud83c\udf89 <strong data-start=\"392\" data-end=\"439\">\u00a1BIENVENIDO AL LIBRO DONDE TODO COBRA VIDA!<\/strong><br data-start=\"439\" data-end=\"442\" \/>Olvidate de solo leer\u2026<br data-start=\"464\" data-end=\"467\" \/>Este es el libro m\u00e1s original, creativo y ca\u00f3tico que vas a encontrar:<br data-start=\"537\" data-end=\"540\" \/><strong data-start=\"540\" data-end=\"611\">ac\u00e1 se recorta, se arma, se juega y se inventan aventuras sin parar<\/strong> \ud83d\udca5\ud83e\udde0<\/p>\n<p data-start=\"618\" data-end=\"901\">Dentro de estas p\u00e1ginas te espera una misi\u00f3n gigante:<br \/>\n\ud83e\udddf\u200d\u2640\ufe0f <strong data-start=\"678\" data-end=\"733\">16 personajes zombie listos para construir en papel<\/strong><br data-start=\"733\" data-end=\"736\" \/>\u2702\ufe0f Instrucciones simples para armarlos<br data-start=\"774\" data-end=\"777\" \/>\ud83c\udfb2 Actividades \u00e9picas para jugar solo o con amigos<br data-start=\"827\" data-end=\"830\" \/>\ud83c\udfad Retos, batallas, historias y desaf\u00edos tan absurdos como divertidos<\/p>\n<p data-start=\"903\" data-end=\"1034\">Cada doble p\u00e1gina es una misi\u00f3n nueva.<br data-start=\"941\" data-end=\"944\" \/>Vos arm\u00e1s los zombies\u2026<br data-start=\"966\" data-end=\"969\" \/><strong data-start=\"969\" data-end=\"1029\">y el libro se transforma en un campo de juego sin reglas<\/strong> \ud83d\ude31\ud83d\udd25<\/p>\n<p data-start=\"1036\" data-end=\"1078\">\ud83e\udde0 \u00bfQu\u00e9 pod\u00e9s hacer con tus Paper Zombies?<\/p>\n<ul data-start=\"1079\" data-end=\"1659\">\n<li data-start=\"1079\" data-end=\"1130\">\n<p data-start=\"1081\" data-end=\"1130\">Rescatar amigos perdidos en <strong data-start=\"1109\" data-end=\"1130\">misiones secreta, <\/strong>crear recorridos mortales rumbo al cementerio, hacer m\u00edmica zombie en equipo, armar un <strong data-start=\"1222\" data-end=\"1242\">circo del horror<\/strong> con obst\u00e1culos imposibles, jugar a descubrir al <strong data-start=\"1292\" data-end=\"1313\">zombie misterioso, <\/strong>apilarlos en desaf\u00edos de equilibrio extremo, inventar aventuras de terror (o risa), \u00a1Y mucho, mucho m\u00e1s! \ud83d\udca5\ud83e\udd22\ud83d\udcf8<\/p>\n<\/li>\n<\/ul>\n<p data-start=\"1661\" data-end=\"1829\">\ud83e\uddec <strong data-start=\"1664\" data-end=\"1705\">En este libro vos decid\u00eds la historia<\/strong><br \/>\n\u00bfQui\u00e9n ser\u00e1 el h\u00e9roe?<br data-start=\"1727\" data-end=\"1730\" \/>\u00bfQui\u00e9n caer\u00e1 en el r\u00edo de lava?<br data-start=\"1761\" data-end=\"1764\" \/>\u00bfQui\u00e9n terminar\u00e1 siendo el zombie m\u00e1s gracioso del apocalipsis?<\/p>\n<p data-start=\"1831\" data-end=\"1955\">Este no es solo un libro de paper toys.<br data-start=\"1870\" data-end=\"1873\" \/>Es un <strong data-start=\"1879\" data-end=\"1890\">juguete<\/strong>, un <strong data-start=\"1895\" data-end=\"1904\">juego<\/strong>, un <strong data-start=\"1909\" data-end=\"1919\">teatro<\/strong>, un <strong data-start=\"1924\" data-end=\"1954\">laboratorio de imaginaci\u00f3n<\/strong>.<\/p>\n<p data-start=\"1957\" data-end=\"2128\">\ud83d\udce2 <strong data-start=\"1960\" data-end=\"1993\">Recort\u00e1. Arm\u00e1. Jug\u00e1. Invent\u00e1.<\/strong><br data-start=\"1993\" data-end=\"1996\" \/>Porque sobrevivir al apocalipsis zombie es divertido\u2026<br data-start=\"2049\" data-end=\"2052\" \/><strong data-start=\"2052\" data-end=\"2119\">pero hacerlo con tus propios personajes de papel es ULTRA \u00e9pico<\/strong> \ud83e\udddf\u200d\u2642\ufe0f\ud83d\udc80\u2728<\/p>\n","protected":false},"excerpt":{"rendered":"<p>\u00a1Un libro con 16 zombies para armar y actividades de terror! \u2702\ufe0f\ud83d\udcc4 Recort\u00e1, arm\u00e1 y jug\u00e1 con la pandilla zombie m\u00e1s descontrolada del apocalipsis<\/p>\n","protected":false},"featured_media":1301,"comment_status":"open","ping_status":"closed","template":"","meta":[],"product_brand":[],"product_cat":[20],"product_tag":[],"class_list":{"0":"post-1300","1":"product","2":"type-product","3":"status-publish","4":"has-post-thumbnail","6":"product_cat-libros","8":"entry","9":"has-media","11":"first","12":"instock","13":"shipping-taxable","14":"purchasable","15":"product-type-simple","16":"col","17":"span_1_of_4","18":"owp-content-center","19":"owp-thumbs-layout-horizontal","20":"owp-btn-normal","21":"owp-tabs-layout-horizontal"},"jetpack_sharing_enabled":true,"_links":{"self":[{"href":"https:\/\/ultrazombies.ar\/tienda\/wp-json\/wp\/v2\/product\/1300","targetHints":{"allow":["GET"]}}],"collection":[{"href":"https:\/\/ultrazombies.ar\/tienda\/wp-json\/wp\/v2\/product"}],"about":[{"href":"https:\/\/ultrazombies.ar\/tienda\/wp-json\/wp\/v2\/types\/product"}],"replies":[{"embeddable":true,"href":"https:\/\/ultrazombies.ar\/tienda\/wp-json\/wp\/v2\/comments?post=1300"}],"wp:featuredmedia":[{"embeddable":true,"href":"https:\/\/ultrazombies.ar\/tienda\/wp-json\/wp\/v2\/media\/1301"}],"wp:attachment":[{"href":"https:\/\/ultrazombies.ar\/tienda\/wp-json\/wp\/v2\/media?parent=1300"}],"wp:term":[{"taxonomy":"product_brand","embeddable":true,"href":"https:\/\/ultrazombies.ar\/tienda\/wp-json\/wp\/v2\/product_brand?post=1300"},{"taxonomy":"product_cat","embeddable":true,"href":"https:\/\/ultrazombies.ar\/tienda\/wp-json\/wp\/v2\/product_cat?post=1300"},{"taxonomy":"product_tag","embeddable":true,"href":"https:\/\/ultrazombies.ar\/tienda\/wp-json\/wp\/v2\/product_tag?post=1300"}],"curies":[{"name":"wp","href":"https:\/\/api.w.org\/{rel}","templated":true}]}}