{"id":1320,"date":"2026-01-02T17:55:04","date_gmt":"2026-01-02T20:55:04","guid":{"rendered":"https:\/\/ultrazombies.ar\/tienda\/?post_type=product&#038;p=1320"},"modified":"2026-02-13T10:37:36","modified_gmt":"2026-02-13T13:37:36","slug":"escuela-de-ultra-zombies","status":"publish","type":"product","link":"https:\/\/ultrazombies.ar\/tienda\/product\/escuela-de-ultra-zombies\/","title":{"rendered":"Escuela Ultra zombies"},"content":{"rendered":"<p data-start=\"238\" data-end=\"352\">\ud83e\udddf\u200d\u2642\ufe0f <strong data-start=\"244\" data-end=\"291\">\u00a1Entrenamiento Zombie de Lectura y Cerebro!<\/strong><br data-start=\"291\" data-end=\"294\" \/>\ud83e\udde0\ud83d\udcd8 Misiones secretas para aprender, pensar y re\u00edr\u2026 mucho<\/p>\n<p data-start=\"354\" data-end=\"587\">\ud83d\udea8 <strong data-start=\"357\" data-end=\"385\">ATENCI\u00d3N, RECLUTA HUMANO<\/strong> \ud83d\udea8<br data-start=\"388\" data-end=\"391\" \/>Este no es un libro com\u00fan.<br data-start=\"417\" data-end=\"420\" \/>Es un <strong data-start=\"426\" data-end=\"457\">entrenamiento ultra secreto<\/strong>, dise\u00f1ado por la pandilla zombie m\u00e1s divertida del apocalipsis, para poner a prueba tu cerebro\u2026<br data-start=\"553\" data-end=\"556\" \/><strong data-start=\"556\" data-end=\"582\">y tu sentido del humor<\/strong> \ud83d\udca5\ud83d\ude02<\/p>\n<p data-start=\"589\" data-end=\"852\">A lo largo de estas p\u00e1ginas, los zombies te acompa\u00f1an en una misi\u00f3n muy especial:<br \/>\n\ud83d\udcd6 <strong data-start=\"674\" data-end=\"712\">aprender a leer, escribir y pensar<\/strong><br data-start=\"712\" data-end=\"715\" \/>\u270f\ufe0f resolver desaf\u00edos con letras y palabras<br data-start=\"757\" data-end=\"760\" \/>\ud83e\udde9 entrenar la mente con acertijos monstruosos<br data-start=\"806\" data-end=\"809\" \/>\ud83e\udde0 superarte nivel a nivel sin darte cuenta<\/p>\n<p data-start=\"854\" data-end=\"1014\">Ac\u00e1 no hay tareas aburridas.<br data-start=\"882\" data-end=\"885\" \/>Hay:<br \/>\n\ud83e\uddea Experimentos con letras<br data-start=\"916\" data-end=\"919\" \/>\ud83c\udf00 Palabras enredadas<br data-start=\"940\" data-end=\"943\" \/>\ud83d\udc7e Juegos de lectura y escritura<br data-start=\"975\" data-end=\"978\" \/>\ud83d\udc80 Desaf\u00edos cada vez m\u00e1s dif\u00edciles<\/p>\n<p data-start=\"1016\" data-end=\"1205\">\ud83e\uddec <strong data-start=\"1019\" data-end=\"1066\">El entrenamiento est\u00e1 dividido en 6 niveles<\/strong><br data-start=\"1066\" data-end=\"1069\" \/>Cada uno es m\u00e1s desafiante que el anterior.<br data-start=\"1112\" data-end=\"1115\" \/>Solo los lectores m\u00e1s valientes, curiosos y perseverantes lograr\u00e1n avanzar hasta el final.<\/p>\n<p data-start=\"1207\" data-end=\"1436\">\u26a0\ufe0f <strong data-start=\"1210\" data-end=\"1243\">Pero ojo\u2026 hay una regla clave<\/strong><br data-start=\"1243\" data-end=\"1246\" \/>Para pasar de nivel:<br \/>\n\ud83d\udd0d deber\u00e1s descubrir las letras escondidas en cada p\u00e1gina<br data-start=\"1324\" data-end=\"1327\" \/>\ud83d\udd10 unirlas correctamente<br data-start=\"1351\" data-end=\"1354\" \/>\ud83d\udddd\ufe0f formar una <strong data-start=\"1369\" data-end=\"1388\">palabra secreta<\/strong> que te permitir\u00e1 desbloquear la siguiente etapa<\/p>\n<p data-start=\"1438\" data-end=\"1631\">Este no es solo un libro para aprender a leer y escribir.<br data-start=\"1495\" data-end=\"1498\" \/>Es una <strong data-start=\"1505\" data-end=\"1517\">aventura<\/strong>, un <strong data-start=\"1522\" data-end=\"1542\">juego de ingenio<\/strong>, una <strong data-start=\"1548\" data-end=\"1565\">misi\u00f3n zombie<\/strong> donde cada p\u00e1gina te hace pensar un poco m\u00e1s\u2026 y re\u00edrte un mont\u00f3n.<\/p>\n<p data-start=\"1633\" data-end=\"1696\">\ud83d\udce2 <strong data-start=\"1636\" data-end=\"1663\">Si te anim\u00e1s al desaf\u00edo<\/strong>,<br data-start=\"1664\" data-end=\"1667\" \/>la pandilla zombie te espera.<\/p>\n<p data-start=\"1698\" data-end=\"1763\" data-is-last-node=\"\" data-is-only-node=\"\">\u00bfLlegar\u00e1s al \u00faltimo nivel<br data-start=\"1723\" data-end=\"1726\" \/>o tu cerebro se rendir\u00e1 antes? \ud83d\ude31\ud83e\udde0\ud83d\udc80<\/p>\n","protected":false},"excerpt":{"rendered":"<p>\ud83e\udddf\u200d\u2642\ufe0f\ud83d\udcd8 <strong data-start=\"8\" data-end=\"71\">Un entrenamiento zombie lleno de juegos, letras y acertijos<\/strong>, donde le\u00e9s, escrib\u00eds y super\u00e1s misiones por niveles para desbloquear la palabra secreta final \ud83e\udde0\ud83d\udd10\u2728<\/p>\n","protected":false},"featured_media":1322,"comment_status":"open","ping_status":"closed","template":"","meta":[],"product_brand":[],"product_cat":[20],"product_tag":[],"class_list":{"0":"post-1320","1":"product","2":"type-product","3":"status-publish","4":"has-post-thumbnail","6":"product_cat-libros","8":"entry","9":"has-media","11":"first","12":"instock","13":"shipping-taxable","14":"purchasable","15":"product-type-simple","16":"col","17":"span_1_of_4","18":"owp-content-center","19":"owp-thumbs-layout-horizontal","20":"owp-btn-normal","21":"owp-tabs-layout-horizontal"},"jetpack_sharing_enabled":true,"_links":{"self":[{"href":"https:\/\/ultrazombies.ar\/tienda\/wp-json\/wp\/v2\/product\/1320","targetHints":{"allow":["GET"]}}],"collection":[{"href":"https:\/\/ultrazombies.ar\/tienda\/wp-json\/wp\/v2\/product"}],"about":[{"href":"https:\/\/ultrazombies.ar\/tienda\/wp-json\/wp\/v2\/types\/product"}],"replies":[{"embeddable":true,"href":"https:\/\/ultrazombies.ar\/tienda\/wp-json\/wp\/v2\/comments?post=1320"}],"wp:featuredmedia":[{"embeddable":true,"href":"https:\/\/ultrazombies.ar\/tienda\/wp-json\/wp\/v2\/media\/1322"}],"wp:attachment":[{"href":"https:\/\/ultrazombies.ar\/tienda\/wp-json\/wp\/v2\/media?parent=1320"}],"wp:term":[{"taxonomy":"product_brand","embeddable":true,"href":"https:\/\/ultrazombies.ar\/tienda\/wp-json\/wp\/v2\/product_brand?post=1320"},{"taxonomy":"product_cat","embeddable":true,"href":"https:\/\/ultrazombies.ar\/tienda\/wp-json\/wp\/v2\/product_cat?post=1320"},{"taxonomy":"product_tag","embeddable":true,"href":"https:\/\/ultrazombies.ar\/tienda\/wp-json\/wp\/v2\/product_tag?post=1320"}],"curies":[{"name":"wp","href":"https:\/\/api.w.org\/{rel}","templated":true}]}}