{"id":248,"date":"2025-02-08T13:20:04","date_gmt":"2025-02-08T16:20:04","guid":{"rendered":"https:\/\/dev-ultrazombies.pantheonsite.io\/?post_type=product&#038;p=248"},"modified":"2025-11-07T15:01:52","modified_gmt":"2025-11-07T18:01:52","slug":"humor-descerebrado-2","status":"publish","type":"product","link":"https:\/\/ultrazombies.ar\/tienda\/product\/humor-descerebrado-2\/","title":{"rendered":"Humor descerebrado 2"},"content":{"rendered":"<h3><strong>\u00a1Nuevos desaf\u00edos y m\u00e1s risas!<\/strong><\/h3>\n<p>Debido al \u00e9xito de \u00abHumor descerebrado 1\u00bb, la locura <em>Ultra zombie<\/em> contin\u00faa en <strong>Humor Descerebrado 2<\/strong>, el segundo libro de tiras c\u00f3micas que lleva la aventura a otro nivel. Esta vez, Zombiff y su pandilla deben abandonar su guarida y enfrentarse a lo inesperado en plena traves\u00eda por el desierto\u2026 \u00a1y no estar\u00e1n solos!<\/p>\n<p>En el camino se cruzar\u00e1n con \u00ab<strong>Los Otros\u00bb<\/strong>, una pandilla de lo m\u00e1s peculiar liderada por <strong>Kent C. Me, el cowboy invisible<\/strong>, junto a personajes como <strong>Aloe Mc Poison, el cactus zombie<\/strong>, <strong>Finn, el hombre de la laguna zombie<\/strong>, y muchas sorpresas m\u00e1s. Pero eso no es todo\u2026 \u00a1los indios zombies tambi\u00e9n entran en escena para desatar el caos (y las carcajadas)!<\/p>\n<p>Con <strong>96 p\u00e1ginas repletas de humor, acci\u00f3n y enredos descerebrados<\/strong>, este libro es ideal para ni\u00f1os fan\u00e1ticos de los monstruos, las historias disparatadas y la diversi\u00f3n sin l\u00edmites.<\/p>\n<p><strong>\u00a1No te lo pierdas y unite a la invasi\u00f3n de risas Ultra Zombie!<\/strong><\/p>\n","protected":false},"excerpt":{"rendered":"<p><em>Humor Descerebrado 2. <\/em>Una nueva entrega de las tiras c\u00f3micas de <em>Ultra zombies<\/em>.<\/p>\n<p>96 p\u00e1ginas repletas de color, aventuras y humor para chicos<\/p>\n","protected":false},"featured_media":364,"comment_status":"open","ping_status":"closed","template":"","meta":[],"product_brand":[],"product_cat":[20],"product_tag":[],"class_list":{"0":"post-248","1":"product","2":"type-product","3":"status-publish","4":"has-post-thumbnail","6":"product_cat-libros","8":"entry","9":"has-media","11":"first","12":"instock","13":"shipping-taxable","14":"purchasable","15":"product-type-simple","16":"col","17":"span_1_of_4","18":"owp-content-center","19":"owp-thumbs-layout-horizontal","20":"owp-btn-normal","21":"owp-tabs-layout-horizontal"},"jetpack_sharing_enabled":true,"_links":{"self":[{"href":"https:\/\/ultrazombies.ar\/tienda\/wp-json\/wp\/v2\/product\/248","targetHints":{"allow":["GET"]}}],"collection":[{"href":"https:\/\/ultrazombies.ar\/tienda\/wp-json\/wp\/v2\/product"}],"about":[{"href":"https:\/\/ultrazombies.ar\/tienda\/wp-json\/wp\/v2\/types\/product"}],"replies":[{"embeddable":true,"href":"https:\/\/ultrazombies.ar\/tienda\/wp-json\/wp\/v2\/comments?post=248"}],"wp:featuredmedia":[{"embeddable":true,"href":"https:\/\/ultrazombies.ar\/tienda\/wp-json\/wp\/v2\/media\/364"}],"wp:attachment":[{"href":"https:\/\/ultrazombies.ar\/tienda\/wp-json\/wp\/v2\/media?parent=248"}],"wp:term":[{"taxonomy":"product_brand","embeddable":true,"href":"https:\/\/ultrazombies.ar\/tienda\/wp-json\/wp\/v2\/product_brand?post=248"},{"taxonomy":"product_cat","embeddable":true,"href":"https:\/\/ultrazombies.ar\/tienda\/wp-json\/wp\/v2\/product_cat?post=248"},{"taxonomy":"product_tag","embeddable":true,"href":"https:\/\/ultrazombies.ar\/tienda\/wp-json\/wp\/v2\/product_tag?post=248"}],"curies":[{"name":"wp","href":"https:\/\/api.w.org\/{rel}","templated":true}]}}