{"id":255,"date":"2025-02-08T14:40:21","date_gmt":"2025-02-08T17:40:21","guid":{"rendered":"https:\/\/dev-ultrazombies.pantheonsite.io\/?post_type=product&#038;p=255"},"modified":"2025-11-07T14:57:47","modified_gmt":"2025-11-07T17:57:47","slug":"humor-descerebrado-3","status":"publish","type":"product","link":"https:\/\/ultrazombies.ar\/tienda\/product\/humor-descerebrado-3\/","title":{"rendered":"Humor descerebrado 3"},"content":{"rendered":"<h3><strong>\u00a1Diversi\u00f3n, circo y ultra zombies!<\/strong><\/h3>\n<p>La pandilla de zombies enfrenta su aventura m\u00e1s disparatada en <strong>Humor Descerebrado 3<\/strong>. Esta vez, Raybolt ha desaparecido en una misi\u00f3n\u2026 \u00a1y sus amigos deben rescatarlo del misterioso <em>Circo del Horror<\/em>!<\/p>\n<p>Pero este no es un circo com\u00fan\u2026 Aqu\u00ed los trucos son peligrosos y el espect\u00e1culo principal est\u00e1 a cargo del \u00abterror\u00edfico\u00bb <strong>payaso Zombit<\/strong> y su ej\u00e9rcito de ultra zombies y animales mutantes. \u00bfPodr\u00e1n Zombiff y su pandilla escapar de las garras del <strong>oso apestoso, el le\u00f3n ultra zombie y el gorila radioactivo<\/strong>?<\/p>\n<p>Con <strong>96 p\u00e1ginas de tiras c\u00f3micas llenas de humor, acci\u00f3n y personajes inolvidables<\/strong>, este libro es ideal para ni\u00f1os y fans del universo <em>Ultra zombies<\/em>.<\/p>\n<p><strong>\u00a1\u00a1No te lo pierdas y \u00fanete al espect\u00e1culo m\u00e1s descerebrado del apocalipsis!!<\/strong><\/p>\n","protected":false},"excerpt":{"rendered":"<p><em>Humor Descerebrado 3. <\/em>Una nueva aventura, esta vez en el Circo del horror con tiras c\u00f3micas en 96 p\u00e1ginas repletas de color, aventuras y humor para chicos<\/p>\n","protected":false},"featured_media":384,"comment_status":"closed","ping_status":"closed","template":"","meta":[],"product_brand":[],"product_cat":[20],"product_tag":[],"class_list":{"0":"post-255","1":"product","2":"type-product","3":"status-publish","4":"has-post-thumbnail","6":"product_cat-libros","8":"entry","9":"has-media","11":"first","12":"instock","13":"shipping-taxable","14":"purchasable","15":"product-type-simple","16":"col","17":"span_1_of_4","18":"owp-content-center","19":"owp-thumbs-layout-horizontal","20":"owp-btn-normal","21":"owp-tabs-layout-horizontal"},"jetpack_sharing_enabled":true,"_links":{"self":[{"href":"https:\/\/ultrazombies.ar\/tienda\/wp-json\/wp\/v2\/product\/255","targetHints":{"allow":["GET"]}}],"collection":[{"href":"https:\/\/ultrazombies.ar\/tienda\/wp-json\/wp\/v2\/product"}],"about":[{"href":"https:\/\/ultrazombies.ar\/tienda\/wp-json\/wp\/v2\/types\/product"}],"replies":[{"embeddable":true,"href":"https:\/\/ultrazombies.ar\/tienda\/wp-json\/wp\/v2\/comments?post=255"}],"wp:featuredmedia":[{"embeddable":true,"href":"https:\/\/ultrazombies.ar\/tienda\/wp-json\/wp\/v2\/media\/384"}],"wp:attachment":[{"href":"https:\/\/ultrazombies.ar\/tienda\/wp-json\/wp\/v2\/media?parent=255"}],"wp:term":[{"taxonomy":"product_brand","embeddable":true,"href":"https:\/\/ultrazombies.ar\/tienda\/wp-json\/wp\/v2\/product_brand?post=255"},{"taxonomy":"product_cat","embeddable":true,"href":"https:\/\/ultrazombies.ar\/tienda\/wp-json\/wp\/v2\/product_cat?post=255"},{"taxonomy":"product_tag","embeddable":true,"href":"https:\/\/ultrazombies.ar\/tienda\/wp-json\/wp\/v2\/product_tag?post=255"}],"curies":[{"name":"wp","href":"https:\/\/api.w.org\/{rel}","templated":true}]}}