{"id":265,"date":"2025-02-08T17:39:08","date_gmt":"2025-02-08T20:39:08","guid":{"rendered":"https:\/\/dev-ultrazombies.pantheonsite.io\/?post_type=product&#038;p=265"},"modified":"2025-11-07T14:48:19","modified_gmt":"2025-11-07T17:48:19","slug":"ultra-actividades","status":"publish","type":"product","link":"https:\/\/ultrazombies.ar\/tienda\/product\/ultra-actividades\/","title":{"rendered":"Ultra juegos"},"content":{"rendered":"<p><strong>\u00a1Ultra juegos!<\/strong><\/p>\n<p>Atenci\u00f3n, amigos sobrevivientes! \ud83d\udea8<\/p>\n<p>El valiente X-Guy los necesita para una misi\u00f3n ultra especial. He preparado este libro lleno de desaf\u00edos secretos que pondr\u00e1n a prueba tu ingenio y valent\u00eda: crucigramas radioactivos \u2622\ufe0f, sopas de letras con moscas \ud83e\udeb0, laberintos misteriosos \ud83c\udf00, mensajes ocultos \ud83d\udd75\ufe0f\u200d\u2642\ufe0f, \u201cbusca y encuentra\u201d \ud83d\udd0d, c\u00f3digos secretos \ud83e\udde9, chistes zombis \ud83d\ude02 y mucho, muuucho m\u00e1s.<\/p>\n<p>Tu misi\u00f3n, si decides aceptarla \ud83d\udcaa, es resolver cada uno de estos retos para demostrar que tienes lo que se necesita para sobrevivir en este mundo dominado por los \u00a1ultra zombies! \ud83e\udddf\u200d\u2640\ufe0f\ud83d\udd25<\/p>\n<p>Cada actividad que completes ser\u00e1 un paso m\u00e1s hacia el \u00e9xito, pero recuerda\u2026 \u00a1no bajes la guardia! \ud83d\ude31 Los peligros acechan en cada esquina. \u00bfEst\u00e1s listo para el desaf\u00edo?<\/p>\n<p>&nbsp;<\/p>\n","protected":false},"excerpt":{"rendered":"<p>\u00abUltra juegos\u00bb es un libro de 65 p\u00e1ginas a todo color, que ofrece una variedad de actividades dise\u00f1adas para poner a prueba la concentraci\u00f3n, el razonamiento l\u00f3gico y la creatividad de los ni\u00f1os a trav\u00e9s de crucigramas, sopas de letras, laberintos, mensajes codificados y otros desaf\u00edos. Los lectores deber\u00e1n encontrar soluciones y descifrar pistas para completar la misi\u00f3n.<\/p>\n","protected":false},"featured_media":266,"comment_status":"open","ping_status":"closed","template":"","meta":[],"product_brand":[],"product_cat":[20],"product_tag":[],"class_list":{"0":"post-265","1":"product","2":"type-product","3":"status-publish","4":"has-post-thumbnail","6":"product_cat-libros","8":"entry","9":"has-media","11":"first","12":"instock","13":"shipping-taxable","14":"purchasable","15":"product-type-simple","16":"col","17":"span_1_of_4","18":"owp-content-center","19":"owp-thumbs-layout-horizontal","20":"owp-btn-normal","21":"owp-tabs-layout-horizontal"},"jetpack_sharing_enabled":true,"_links":{"self":[{"href":"https:\/\/ultrazombies.ar\/tienda\/wp-json\/wp\/v2\/product\/265","targetHints":{"allow":["GET"]}}],"collection":[{"href":"https:\/\/ultrazombies.ar\/tienda\/wp-json\/wp\/v2\/product"}],"about":[{"href":"https:\/\/ultrazombies.ar\/tienda\/wp-json\/wp\/v2\/types\/product"}],"replies":[{"embeddable":true,"href":"https:\/\/ultrazombies.ar\/tienda\/wp-json\/wp\/v2\/comments?post=265"}],"wp:featuredmedia":[{"embeddable":true,"href":"https:\/\/ultrazombies.ar\/tienda\/wp-json\/wp\/v2\/media\/266"}],"wp:attachment":[{"href":"https:\/\/ultrazombies.ar\/tienda\/wp-json\/wp\/v2\/media?parent=265"}],"wp:term":[{"taxonomy":"product_brand","embeddable":true,"href":"https:\/\/ultrazombies.ar\/tienda\/wp-json\/wp\/v2\/product_brand?post=265"},{"taxonomy":"product_cat","embeddable":true,"href":"https:\/\/ultrazombies.ar\/tienda\/wp-json\/wp\/v2\/product_cat?post=265"},{"taxonomy":"product_tag","embeddable":true,"href":"https:\/\/ultrazombies.ar\/tienda\/wp-json\/wp\/v2\/product_tag?post=265"}],"curies":[{"name":"wp","href":"https:\/\/api.w.org\/{rel}","templated":true}]}}