{"id":395,"date":"2025-03-24T17:29:50","date_gmt":"2025-03-24T20:29:50","guid":{"rendered":"https:\/\/dev-ultrazombies.pantheonsite.io\/?post_type=product&#038;p=395"},"modified":"2026-04-18T18:38:29","modified_gmt":"2026-04-18T21:38:29","slug":"rompecerebros-ii-24-piezas-zombie-saurios","status":"publish","type":"product","link":"https:\/\/ultrazombies.ar\/tienda\/product\/rompecerebros-ii-24-piezas-zombie-saurios\/","title":{"rendered":"Rompecerebros II 24 piezas &#8211; \u00abZombie saurios\u00bb"},"content":{"rendered":"<p data-start=\"95\" data-end=\"311\">\u00a1Pon a prueba tu ingenio con el <strong data-start=\"127\" data-end=\"144\">Rompecerebros<\/strong> de <em data-start=\"148\" data-end=\"163\">Ultra Zombies<\/em>! Un rompecabezas de <strong data-start=\"184\" data-end=\"197\">24 piezas<\/strong> de madera mdf con los <strong>zombie saurios<\/strong> mas temidos! Ideal para los fan\u00e1ticos de este mundo postapocal\u00edptico.<\/p>\n<p data-start=\"313\" data-end=\"555\">Viene presentado en un <strong data-start=\"336\" data-end=\"361\">tubo impreso con tapa<\/strong>, perfecto para guardarlo sin perder ninguna pieza. Su dise\u00f1o colorido y desafiante lo convierte en una opci\u00f3n ideal para ni\u00f1os y ni\u00f1as que disfrutan de los desaf\u00edos y la diversi\u00f3n monstruosa.<\/p>\n<p data-start=\"557\" data-end=\"788\">\ud83c\udf83 <strong data-start=\"560\" data-end=\"580\">Caracter\u00edsticas:<\/strong><br data-start=\"580\" data-end=\"583\" \/>\u2714 <strong data-start=\"585\" data-end=\"619\">24 piezas de madera mdf super resistente<\/strong><br data-start=\"619\" data-end=\"622\" \/>\u2714 <strong data-start=\"624\" data-end=\"666\">Ilustraci\u00f3n exclusiva de Ultra zombies, Zombie saurios<\/strong><br data-start=\"666\" data-end=\"669\" \/>\u2714 <strong data-start=\"671\" data-end=\"724\">Presentaci\u00f3n en tubo con tapa para f\u00e1cil guardado<\/strong><br data-start=\"724\" data-end=\"727\" \/>\u2714 <strong data-start=\"729\" data-end=\"786\">Tama\u00f1o ideal para manos peque\u00f1as y grandes estrategas<\/strong><\/p>\n<p data-start=\"557\" data-end=\"788\">\u2714 <strong data-start=\"729\" data-end=\"786\">Medidas: 24 x 16 cm.<\/strong><\/p>\n<p data-start=\"790\" data-end=\"880\">\u00bfEst\u00e1s listo para armar este desaf\u00edo\u2026 antes de que te atrapen los ultra zombies? \ud83e\udddf\u200d\u2642\ufe0f\ud83d\udc80<\/p>\n","protected":false},"excerpt":{"rendered":"<p data-start=\"95\" data-end=\"311\">Rompecabezas de <strong data-start=\"184\" data-end=\"197\">24 piezas<\/strong> <br data-start=\"580\" data-end=\"583\" \/>\u2714 <strong data-start=\"624\" data-end=\"666\">Ilustraci\u00f3n exclusiva de Ultra Zombies, Zombie saurios<\/strong><br data-start=\"666\" data-end=\"669\" \/>\u2714 <strong data-start=\"671\" data-end=\"724\">Presentaci\u00f3n en tubo con tapa para f\u00e1cil guardado<\/strong><br data-start=\"724\" data-end=\"727\" \/>\u2714 <strong data-start=\"729\" data-end=\"786\">Tama\u00f1o ideal para manos peque\u00f1as y grandes estrategas<\/strong><\/p>\n<p data-start=\"95\" data-end=\"311\">\u2714 <strong data-start=\"729\" data-end=\"786\">Medidas: 24 x 16 cm.<\/strong><\/p>\n<p data-start=\"790\" data-end=\"880\">\n","protected":false},"featured_media":1404,"comment_status":"open","ping_status":"closed","template":"","meta":[],"product_brand":[],"product_cat":[30],"product_tag":[],"class_list":{"0":"post-395","1":"product","2":"type-product","3":"status-publish","4":"has-post-thumbnail","6":"product_cat-juegos-y-actividades","8":"entry","9":"has-media","11":"first","12":"instock","13":"shipping-taxable","14":"purchasable","15":"product-type-simple","16":"col","17":"span_1_of_4","18":"owp-content-center","19":"owp-thumbs-layout-horizontal","20":"owp-btn-normal","21":"owp-tabs-layout-horizontal"},"jetpack_sharing_enabled":true,"_links":{"self":[{"href":"https:\/\/ultrazombies.ar\/tienda\/wp-json\/wp\/v2\/product\/395","targetHints":{"allow":["GET"]}}],"collection":[{"href":"https:\/\/ultrazombies.ar\/tienda\/wp-json\/wp\/v2\/product"}],"about":[{"href":"https:\/\/ultrazombies.ar\/tienda\/wp-json\/wp\/v2\/types\/product"}],"replies":[{"embeddable":true,"href":"https:\/\/ultrazombies.ar\/tienda\/wp-json\/wp\/v2\/comments?post=395"}],"wp:featuredmedia":[{"embeddable":true,"href":"https:\/\/ultrazombies.ar\/tienda\/wp-json\/wp\/v2\/media\/1404"}],"wp:attachment":[{"href":"https:\/\/ultrazombies.ar\/tienda\/wp-json\/wp\/v2\/media?parent=395"}],"wp:term":[{"taxonomy":"product_brand","embeddable":true,"href":"https:\/\/ultrazombies.ar\/tienda\/wp-json\/wp\/v2\/product_brand?post=395"},{"taxonomy":"product_cat","embeddable":true,"href":"https:\/\/ultrazombies.ar\/tienda\/wp-json\/wp\/v2\/product_cat?post=395"},{"taxonomy":"product_tag","embeddable":true,"href":"https:\/\/ultrazombies.ar\/tienda\/wp-json\/wp\/v2\/product_tag?post=395"}],"curies":[{"name":"wp","href":"https:\/\/api.w.org\/{rel}","templated":true}]}}