{"id":405,"date":"2025-03-24T19:29:23","date_gmt":"2025-03-24T22:29:23","guid":{"rendered":"https:\/\/dev-ultrazombies.pantheonsite.io\/?post_type=product&#038;p=405"},"modified":"2025-11-07T14:47:59","modified_gmt":"2025-11-07T17:47:59","slug":"llavero-jaime-bone-edicion-limitada","status":"publish","type":"product","link":"https:\/\/ultrazombies.ar\/tienda\/product\/llavero-jaime-bone-edicion-limitada\/","title":{"rendered":"Llavero Jaime Edici\u00f3n limitada"},"content":{"rendered":"<p class=\"\" data-start=\"102\" data-end=\"160\"><strong data-start=\"102\" data-end=\"158\">Llavero Flexible de Jaime Bone \u2013 \u00a1Ll\u00e9valo a todas partes!<\/strong><\/p>\n<p class=\"\" data-start=\"162\" data-end=\"401\">Dale un toque \u00fanico a tus llaves o mochila con este incre\u00edble <strong data-start=\"233\" data-end=\"262\">llavero flexible de Jaime<\/strong>.<\/p>\n<p class=\"\" data-start=\"162\" data-end=\"401\">Con un dise\u00f1o exclusivo de Jaime, este accesorio no solo es pr\u00e1ctico, sino tambi\u00e9n un complemento perfecto para expresar tu estilo.<\/p>\n<p data-start=\"162\" data-end=\"401\">Medidas aprox: 5 x 4 cm.<\/p>\n<p class=\"\" data-start=\"403\" data-end=\"590\">\u2714 <strong data-start=\"405\" data-end=\"439\">Material flexible y resistente<\/strong>, ideal para el uso diario.<\/p>\n<p class=\"\" data-start=\"403\" data-end=\"590\">\u2714 <strong data-start=\"471\" data-end=\"492\">Ligero y vers\u00e1til<\/strong>, perfecto para llaves, mochilas o estuches.<\/p>\n<p class=\"\" data-start=\"403\" data-end=\"590\">\u2714 <strong data-start=\"541\" data-end=\"561\">Dise\u00f1o llamativo<\/strong>, ideal para fans<\/p>\n<p class=\"\" data-start=\"403\" data-end=\"590\">\u2714 <strong>Edici\u00f3n limitada<\/strong><\/p>\n<p class=\"\" data-start=\"592\" data-end=\"666\">\u00a1No te quedes sin el tuyo y lleva a Jaime contigo a todas partes! \ud83d\ude80\ud83d\udd11\ud83c\udf92<\/p>\n","protected":false},"excerpt":{"rendered":"<p class=\"\" data-start=\"403\" data-end=\"590\">\u2714 <strong data-start=\"405\" data-end=\"439\">Material flexible y resistente<\/strong>, ideal para el uso diario.<\/p>\n<p class=\"\" data-start=\"403\" data-end=\"590\">\u2714 <strong data-start=\"471\" data-end=\"492\">Ligero y vers\u00e1til<\/strong>, perfecto para llaves, mochilas o estuches.<\/p>\n<p class=\"\" data-start=\"403\" data-end=\"590\">\u2714 <strong data-start=\"541\" data-end=\"561\">Dise\u00f1o llamativo<\/strong>, ideal para fans<\/p>\n<p class=\"\" data-start=\"403\" data-end=\"590\">\u2714 <strong>Edici\u00f3n limitada<\/strong><\/p>\n<p data-start=\"790\" data-end=\"880\">\n","protected":false},"featured_media":707,"comment_status":"open","ping_status":"closed","template":"","meta":[],"product_brand":[],"product_cat":[26],"product_tag":[],"class_list":{"0":"post-405","1":"product","2":"type-product","3":"status-publish","4":"has-post-thumbnail","6":"product_cat-accesorios","8":"entry","9":"has-media","11":"first","12":"instock","13":"shipping-taxable","14":"purchasable","15":"product-type-simple","16":"col","17":"span_1_of_4","18":"owp-content-center","19":"owp-thumbs-layout-horizontal","20":"owp-btn-normal","21":"owp-tabs-layout-horizontal"},"jetpack_sharing_enabled":true,"_links":{"self":[{"href":"https:\/\/ultrazombies.ar\/tienda\/wp-json\/wp\/v2\/product\/405","targetHints":{"allow":["GET"]}}],"collection":[{"href":"https:\/\/ultrazombies.ar\/tienda\/wp-json\/wp\/v2\/product"}],"about":[{"href":"https:\/\/ultrazombies.ar\/tienda\/wp-json\/wp\/v2\/types\/product"}],"replies":[{"embeddable":true,"href":"https:\/\/ultrazombies.ar\/tienda\/wp-json\/wp\/v2\/comments?post=405"}],"wp:featuredmedia":[{"embeddable":true,"href":"https:\/\/ultrazombies.ar\/tienda\/wp-json\/wp\/v2\/media\/707"}],"wp:attachment":[{"href":"https:\/\/ultrazombies.ar\/tienda\/wp-json\/wp\/v2\/media?parent=405"}],"wp:term":[{"taxonomy":"product_brand","embeddable":true,"href":"https:\/\/ultrazombies.ar\/tienda\/wp-json\/wp\/v2\/product_brand?post=405"},{"taxonomy":"product_cat","embeddable":true,"href":"https:\/\/ultrazombies.ar\/tienda\/wp-json\/wp\/v2\/product_cat?post=405"},{"taxonomy":"product_tag","embeddable":true,"href":"https:\/\/ultrazombies.ar\/tienda\/wp-json\/wp\/v2\/product_tag?post=405"}],"curies":[{"name":"wp","href":"https:\/\/api.w.org\/{rel}","templated":true}]}}