{"id":421,"date":"2025-03-25T14:40:03","date_gmt":"2025-03-25T17:40:03","guid":{"rendered":"https:\/\/dev-ultrazombies.pantheonsite.io\/?post_type=product&#038;p=421"},"modified":"2025-11-07T14:45:44","modified_gmt":"2025-11-07T17:45:44","slug":"plancha-de-stickers-decorativos","status":"publish","type":"product","link":"https:\/\/ultrazombies.ar\/tienda\/product\/plancha-de-stickers-decorativos\/","title":{"rendered":"Plancha de Stickers decorativos"},"content":{"rendered":"<p class=\"\" data-start=\"88\" data-end=\"158\"><strong data-start=\"88\" data-end=\"156\">Plancha de Stickers Decorativos \u2013 \u00a1Personaliza todo a tu estilo!<\/strong><\/p>\n<p class=\"\" data-start=\"160\" data-end=\"451\">Dale vida a tus objetos favoritos con esta <strong data-start=\"203\" data-end=\"241\">plancha de 11 stickers troquelados<\/strong>, perfectos para decorar cuadernos, laptops, botellas, celulares y mucho m\u00e1s.<\/p>\n<p class=\"\" data-start=\"160\" data-end=\"451\">Vienen en una plancha de <strong data-start=\"336\" data-end=\"352\">12 x 18 cm. <\/strong>Cada sticker est\u00e1 hecho de <strong data-start=\"381\" data-end=\"402\">vinilo resistente<\/strong>, garantizando durabilidad y colores vibrantes.<\/p>\n<p class=\"\" data-start=\"453\" data-end=\"777\">\u2728 <strong data-start=\"455\" data-end=\"485\">Material de vinilo premium<\/strong>, resistente al agua y al desgaste.<br data-start=\"520\" data-end=\"523\" \/>\u2702\ufe0f <strong data-start=\"526\" data-end=\"557\">Troquelados individualmente<\/strong>, listos para despegar y pegar con facilidad.<br data-start=\"602\" data-end=\"605\" \/>\ud83c\udfa8 <strong data-start=\"608\" data-end=\"639\">Dise\u00f1os \u00fanicos y llamativos<\/strong>, ideales para expresar tu personalidad.<br data-start=\"679\" data-end=\"682\" \/>\ud83d\udccf <strong data-start=\"685\" data-end=\"704\">Tama\u00f1o perfecto<\/strong> para llevarlos a donde quieras y usarlos en cualquier superficie lisa.<\/p>\n<p class=\"\" data-start=\"779\" data-end=\"854\">\u00a1Haz que todo luzca incre\u00edblemente terror\u00edfico con estos stickers s\u00faper cool! \ud83d\ude80\ud83c\udfa8\ud83d\udca5<\/p>\n","protected":false},"excerpt":{"rendered":"<p>\u2728 <strong data-start=\"455\" data-end=\"485\">Material de vinilo premium<\/strong><br data-start=\"520\" data-end=\"523\" \/>\u2702\ufe0f <strong data-start=\"526\" data-end=\"557\">Troquelados individualmente<\/strong><br data-start=\"602\" data-end=\"605\" \/>\ud83c\udfa8 <strong data-start=\"608\" data-end=\"639\">Dise\u00f1o s\u00faper cool!<\/strong><br data-start=\"679\" data-end=\"682\" \/><span class=\"x19la9d6 x1fc57z9 x6ikm8r x10wlt62 x19co3pv x1g5zs5t xfibh0p xiy17q3 x1xsqp64 x1lkfr7t xexx8yu xg83lxy x18d9i69 x1h0ha7o\"><span class=\"\">\ud83d\ude0e<\/span><\/span> <strong>Personaliza todas tus cosas!<\/strong><\/p>\n<p>&nbsp;<\/p>\n<p data-start=\"790\" data-end=\"880\">\n","protected":false},"featured_media":422,"comment_status":"open","ping_status":"closed","template":"","meta":[],"product_brand":[],"product_cat":[29],"product_tag":[],"class_list":{"0":"post-421","1":"product","2":"type-product","3":"status-publish","4":"has-post-thumbnail","6":"product_cat-escolar-y-papeleria","8":"entry","9":"has-media","11":"first","12":"instock","13":"shipping-taxable","14":"purchasable","15":"product-type-simple","16":"col","17":"span_1_of_4","18":"owp-content-center","19":"owp-thumbs-layout-horizontal","20":"owp-btn-normal","21":"owp-tabs-layout-horizontal"},"jetpack_sharing_enabled":true,"_links":{"self":[{"href":"https:\/\/ultrazombies.ar\/tienda\/wp-json\/wp\/v2\/product\/421","targetHints":{"allow":["GET"]}}],"collection":[{"href":"https:\/\/ultrazombies.ar\/tienda\/wp-json\/wp\/v2\/product"}],"about":[{"href":"https:\/\/ultrazombies.ar\/tienda\/wp-json\/wp\/v2\/types\/product"}],"replies":[{"embeddable":true,"href":"https:\/\/ultrazombies.ar\/tienda\/wp-json\/wp\/v2\/comments?post=421"}],"wp:featuredmedia":[{"embeddable":true,"href":"https:\/\/ultrazombies.ar\/tienda\/wp-json\/wp\/v2\/media\/422"}],"wp:attachment":[{"href":"https:\/\/ultrazombies.ar\/tienda\/wp-json\/wp\/v2\/media?parent=421"}],"wp:term":[{"taxonomy":"product_brand","embeddable":true,"href":"https:\/\/ultrazombies.ar\/tienda\/wp-json\/wp\/v2\/product_brand?post=421"},{"taxonomy":"product_cat","embeddable":true,"href":"https:\/\/ultrazombies.ar\/tienda\/wp-json\/wp\/v2\/product_cat?post=421"},{"taxonomy":"product_tag","embeddable":true,"href":"https:\/\/ultrazombies.ar\/tienda\/wp-json\/wp\/v2\/product_tag?post=421"}],"curies":[{"name":"wp","href":"https:\/\/api.w.org\/{rel}","templated":true}]}}