{"id":523,"date":"2025-03-28T19:50:13","date_gmt":"2025-03-28T22:50:13","guid":{"rendered":"https:\/\/dev-ultrazombies.pantheonsite.io\/?post_type=product&#038;p=523"},"modified":"2026-01-07T19:39:12","modified_gmt":"2026-01-07T22:39:12","slug":"libro-magico","status":"publish","type":"product","link":"https:\/\/ultrazombies.ar\/tienda\/product\/libro-magico\/","title":{"rendered":"Libro m\u00e1gico 1 (Zombiff)"},"content":{"rendered":"<p class=\"\" data-start=\"89\" data-end=\"173\"><strong data-start=\"89\" data-end=\"171\">\ud83d\udcd6 Libro M\u00e1gico Ultra Zombies \u2013 \u00a1Colorea una y otra vez con magia zombie!<\/strong><\/p>\n<p class=\"\" data-start=\"175\" data-end=\"561\">\u00a1Dale vida a <em data-start=\"188\" data-end=\"203\">Ultra Zombies<\/em> con un toque de magia! Este incre\u00edble <em data-start=\"242\" data-end=\"256\">Libro M\u00e1gico<\/em> te permite pintar sin parar gracias a su marcador recargable con agua. Solo p\u00e1salo sobre las p\u00e1ginas y ver\u00e1s c\u00f3mo los colores aparecen <em data-start=\"392\" data-end=\"405\">m\u00e1gicamente<\/em>\u2026 \u00a1Como si un p\u00f3cima secreta estuviera en acci\u00f3n! Y lo mejor: cuando se seca, el dibujo vuelve a estar en blanco para que sigas divirti\u00e9ndote sin l\u00edmites.<\/p>\n<p class=\"\" data-start=\"563\" data-end=\"845\">\ud83e\udde0 <strong data-start=\"566\" data-end=\"589\">Diversi\u00f3n infinita:<\/strong> Colorea y vuelve a empezar una y otra vez.<br data-start=\"632\" data-end=\"635\" \/>\ud83d\udca6 <strong data-start=\"638\" data-end=\"658\">Marcador m\u00e1gico:<\/strong> Solo usa agua, sin manchas ni desastres.<br data-start=\"699\" data-end=\"702\" \/>\ud83d\udcd6 <strong data-start=\"705\" data-end=\"719\">Tapa dura:<\/strong> Resistente y listo para todas tus aventuras zombis.<br data-start=\"771\" data-end=\"774\" \/>\ud83c\udfa8 <strong data-start=\"777\" data-end=\"804\">Dos dise\u00f1os diferentes:<\/strong> \u00a1Elige tu favorito o ll\u00e9vatelos todos!<\/p>\n<p class=\"\" data-start=\"847\" data-end=\"932\">\u00a1Revive la magia del color con el libro m\u00e1s zombi y sorprendente de todos! \ud83e\udddf\u200d\u2642\ufe0f\u2728\ud83c\udfa8<\/p>\n<p data-start=\"847\" data-end=\"932\">Medidas: 15 x 26 cm.<\/p>\n","protected":false},"excerpt":{"rendered":"<p data-start=\"95\" data-end=\"311\">\ud83e\udde0 <strong data-start=\"566\" data-end=\"589\">Colorea y vuelve a empezar una y otra vez.<\/strong><br data-start=\"632\" data-end=\"635\" \/>\ud83d\udca6 <strong data-start=\"638\" data-end=\"658\">Marcador m\u00e1gico recargable con agua<\/strong><br data-start=\"699\" data-end=\"702\" \/>\ud83d\udcd6 <strong data-start=\"705\" data-end=\"719\">Tapa dura<\/strong><br data-start=\"771\" data-end=\"774\" \/>\ud83c\udfa8 <strong data-start=\"777\" data-end=\"804\">Dos dise\u00f1os diferentes<\/strong><\/p>\n<p data-start=\"95\" data-end=\"311\">Medidas: 15 x 26 cm.<\/p>\n<p data-start=\"790\" data-end=\"880\">\n","protected":false},"featured_media":625,"comment_status":"open","ping_status":"closed","template":"","meta":[],"product_brand":[],"product_cat":[30],"product_tag":[],"class_list":{"0":"post-523","1":"product","2":"type-product","3":"status-publish","4":"has-post-thumbnail","6":"product_cat-juegos-y-actividades","8":"entry","9":"has-media","11":"first","12":"instock","13":"shipping-taxable","14":"purchasable","15":"product-type-simple","16":"col","17":"span_1_of_4","18":"owp-content-center","19":"owp-thumbs-layout-horizontal","20":"owp-btn-normal","21":"owp-tabs-layout-horizontal"},"jetpack_sharing_enabled":true,"_links":{"self":[{"href":"https:\/\/ultrazombies.ar\/tienda\/wp-json\/wp\/v2\/product\/523","targetHints":{"allow":["GET"]}}],"collection":[{"href":"https:\/\/ultrazombies.ar\/tienda\/wp-json\/wp\/v2\/product"}],"about":[{"href":"https:\/\/ultrazombies.ar\/tienda\/wp-json\/wp\/v2\/types\/product"}],"replies":[{"embeddable":true,"href":"https:\/\/ultrazombies.ar\/tienda\/wp-json\/wp\/v2\/comments?post=523"}],"wp:featuredmedia":[{"embeddable":true,"href":"https:\/\/ultrazombies.ar\/tienda\/wp-json\/wp\/v2\/media\/625"}],"wp:attachment":[{"href":"https:\/\/ultrazombies.ar\/tienda\/wp-json\/wp\/v2\/media?parent=523"}],"wp:term":[{"taxonomy":"product_brand","embeddable":true,"href":"https:\/\/ultrazombies.ar\/tienda\/wp-json\/wp\/v2\/product_brand?post=523"},{"taxonomy":"product_cat","embeddable":true,"href":"https:\/\/ultrazombies.ar\/tienda\/wp-json\/wp\/v2\/product_cat?post=523"},{"taxonomy":"product_tag","embeddable":true,"href":"https:\/\/ultrazombies.ar\/tienda\/wp-json\/wp\/v2\/product_tag?post=523"}],"curies":[{"name":"wp","href":"https:\/\/api.w.org\/{rel}","templated":true}]}}