{"id":58,"date":"2024-12-06T16:25:18","date_gmt":"2024-12-06T19:25:18","guid":{"rendered":"https:\/\/dev-ultrazombies.pantheonsite.io\/?post_type=product&#038;p=58"},"modified":"2025-10-29T08:22:58","modified_gmt":"2025-10-29T11:22:58","slug":"diario-zombie","status":"publish","type":"product","link":"https:\/\/ultrazombies.ar\/tienda\/product\/diario-zombie\/","title":{"rendered":"Diario de supervivencia zombie"},"content":{"rendered":"<p>El mundo est\u00e1 en peligro: un virus est\u00e1 convirtiendo a todos en zombies y los cient\u00edficos a\u00fan no encuentran la cura. Para sobrevivir, necesitas un plan\u2026 \u00a1y este diario de 48 p\u00e1ginas a todo color ser\u00e1 tu mejor aliado!<br \/>\nRegistra tu identidad antes de olvidar qui\u00e9n eres, aprende a detectar zombies, dise\u00f1a trampas, descifra c\u00f3digos secretos y hasta crea tu propio disfraz zombie. Con tests, desaf\u00edos y muchas actividades, este libro te ayudar\u00e1 a estar listo para cualquier emergencia ultra zombie.<br \/>\n\u00a1No dejes que el apocalipsis te tome por sorpresa!<\/p>\n","protected":false},"excerpt":{"rendered":"<p>Un libro de 48 p\u00e1ginas con <strong>actividades,<\/strong> <strong>tests, c\u00f3digos secretos, estrategias de supervivencia, desaf\u00edos creativos y espacios para registrar informaci\u00f3n personal<\/strong> de forma divertida. \u00a1Ideal para fans de la aventura!<\/p>\n","protected":false},"featured_media":254,"comment_status":"open","ping_status":"closed","template":"","meta":[],"product_brand":[],"product_cat":[20],"product_tag":[],"class_list":{"0":"post-58","1":"product","2":"type-product","3":"status-publish","4":"has-post-thumbnail","6":"product_cat-libros","8":"entry","9":"has-media","11":"first","12":"instock","13":"shipping-taxable","14":"purchasable","15":"product-type-simple","16":"col","17":"span_1_of_4","18":"owp-content-center","19":"owp-thumbs-layout-horizontal","20":"owp-btn-normal","21":"owp-tabs-layout-horizontal"},"jetpack_sharing_enabled":true,"_links":{"self":[{"href":"https:\/\/ultrazombies.ar\/tienda\/wp-json\/wp\/v2\/product\/58","targetHints":{"allow":["GET"]}}],"collection":[{"href":"https:\/\/ultrazombies.ar\/tienda\/wp-json\/wp\/v2\/product"}],"about":[{"href":"https:\/\/ultrazombies.ar\/tienda\/wp-json\/wp\/v2\/types\/product"}],"replies":[{"embeddable":true,"href":"https:\/\/ultrazombies.ar\/tienda\/wp-json\/wp\/v2\/comments?post=58"}],"wp:featuredmedia":[{"embeddable":true,"href":"https:\/\/ultrazombies.ar\/tienda\/wp-json\/wp\/v2\/media\/254"}],"wp:attachment":[{"href":"https:\/\/ultrazombies.ar\/tienda\/wp-json\/wp\/v2\/media?parent=58"}],"wp:term":[{"taxonomy":"product_brand","embeddable":true,"href":"https:\/\/ultrazombies.ar\/tienda\/wp-json\/wp\/v2\/product_brand?post=58"},{"taxonomy":"product_cat","embeddable":true,"href":"https:\/\/ultrazombies.ar\/tienda\/wp-json\/wp\/v2\/product_cat?post=58"},{"taxonomy":"product_tag","embeddable":true,"href":"https:\/\/ultrazombies.ar\/tienda\/wp-json\/wp\/v2\/product_tag?post=58"}],"curies":[{"name":"wp","href":"https:\/\/api.w.org\/{rel}","templated":true}]}}