{"id":85,"date":"2024-12-06T16:52:27","date_gmt":"2024-12-06T19:52:27","guid":{"rendered":"https:\/\/dev-ultrazombies.pantheonsite.io\/?post_type=product&#038;p=85"},"modified":"2025-11-07T14:48:55","modified_gmt":"2025-11-07T17:48:55","slug":"la-historia-secreta","status":"publish","type":"product","link":"https:\/\/ultrazombies.ar\/tienda\/product\/la-historia-secreta\/","title":{"rendered":"La historia secreta jam\u00e1s contada"},"content":{"rendered":"<h3><strong>\u00abLa Historia Secreta Jam\u00e1s Contada\u00bb<\/strong><\/h3>\n<p><strong>\u00a1El mayor secreto de Ultra Zombies ha sido revelado!<\/strong><\/p>\n<p>Si alguna vez te preguntaste <strong>c\u00f3mo comenz\u00f3 todo<\/strong>, este libro tiene las respuestas que buscabas. <em>La Historia Secreta Jam\u00e1s Contada<\/em> es el archivo definitivo sobre el origen del apocalipsis ultra zombie, contado en <strong>formato historieta<\/strong> por los propios protagonistas.<\/p>\n<p>Descubre<strong> c\u00f3mo se desat\u00f3 la lluvia \u00e1cida mutante<\/strong> y convirti\u00f3 a los zombies en ultra zombies,<strong> los inicios de la pandilla de Zombiff<\/strong> y c\u00f3mo se conocieron sus integrantes<strong>, por qu\u00e9 ellos no se transformaron<\/strong> en ultra zombies y qu\u00e9 los hace diferentes.<\/p>\n<p><strong>Incluye:<\/strong><\/p>\n<ul>\n<li><strong>UN MAPA DESPLEGABLE DE BRAINSILVANIA<\/strong>, con cada lugar clave de la historia, con el recorrido de la pandilla hasta el laboratorio donde todo comenz\u00f3.<\/li>\n<li><strong>UN DESPLEGABLE CON LA GUARIDA ZOMBIE, <\/strong>con todos los secretos de la guarida zombie, con informaci\u00f3n ultra divertuda nunca antes vista.<\/li>\n<li>Y lo mejor de todo\u2026 <strong>un c\u00f3digo QR que te lleva a una WEB EXCLUSIVA DEL X-GUY<\/strong>. All\u00ed encontrar\u00e1s <strong>su bit\u00e1cora secreta, informaci\u00f3n clasificada y videos in\u00e9ditos<\/strong> que podr\u00edan cambiar el rumbo de la historia.<\/li>\n<\/ul>\n<p>Presentado en una <strong>edici\u00f3n deluxe en caja especial<\/strong>, este libro es una pieza de colecci\u00f3n para todos los fans del universo <em>Ultra Zombies<\/em>.<\/p>\n<p><strong>\u00a1Prep\u00e1rate para conocer la verdad\u2026 si te atreves!<\/strong><\/p>\n","protected":false},"excerpt":{"rendered":"<p>Descubre el origen del apocalipsis ultra zombie, contado en <strong>formato historieta<\/strong> con mapas, archivos secretos y un <strong>c\u00f3digo QR<\/strong> con acceso a la web exclusiva del X-Guy con contenido in\u00e9dito. \u00a1Incluye una incre\u00edble edici\u00f3n deluxe en caja especial!<\/p>\n","protected":false},"featured_media":326,"comment_status":"open","ping_status":"closed","template":"","meta":[],"product_brand":[],"product_cat":[20],"product_tag":[],"class_list":{"0":"post-85","1":"product","2":"type-product","3":"status-publish","4":"has-post-thumbnail","6":"product_cat-libros","8":"entry","9":"has-media","11":"first","12":"instock","13":"shipping-taxable","14":"purchasable","15":"product-type-simple","16":"col","17":"span_1_of_4","18":"owp-content-center","19":"owp-thumbs-layout-horizontal","20":"owp-btn-normal","21":"owp-tabs-layout-horizontal"},"jetpack_sharing_enabled":true,"_links":{"self":[{"href":"https:\/\/ultrazombies.ar\/tienda\/wp-json\/wp\/v2\/product\/85","targetHints":{"allow":["GET"]}}],"collection":[{"href":"https:\/\/ultrazombies.ar\/tienda\/wp-json\/wp\/v2\/product"}],"about":[{"href":"https:\/\/ultrazombies.ar\/tienda\/wp-json\/wp\/v2\/types\/product"}],"replies":[{"embeddable":true,"href":"https:\/\/ultrazombies.ar\/tienda\/wp-json\/wp\/v2\/comments?post=85"}],"wp:featuredmedia":[{"embeddable":true,"href":"https:\/\/ultrazombies.ar\/tienda\/wp-json\/wp\/v2\/media\/326"}],"wp:attachment":[{"href":"https:\/\/ultrazombies.ar\/tienda\/wp-json\/wp\/v2\/media?parent=85"}],"wp:term":[{"taxonomy":"product_brand","embeddable":true,"href":"https:\/\/ultrazombies.ar\/tienda\/wp-json\/wp\/v2\/product_brand?post=85"},{"taxonomy":"product_cat","embeddable":true,"href":"https:\/\/ultrazombies.ar\/tienda\/wp-json\/wp\/v2\/product_cat?post=85"},{"taxonomy":"product_tag","embeddable":true,"href":"https:\/\/ultrazombies.ar\/tienda\/wp-json\/wp\/v2\/product_tag?post=85"}],"curies":[{"name":"wp","href":"https:\/\/api.w.org\/{rel}","templated":true}]}}